{"id":13,"date":"2017-06-16T13:31:28","date_gmt":"2017-06-16T16:31:28","guid":{"rendered":"http:\/\/humanitat.com.br\/?page_id=13"},"modified":"2023-09-06T16:58:39","modified_gmt":"2023-09-06T19:58:39","slug":"proposito","status":"publish","type":"page","link":"https:\/\/humanitat.com.br\/pb\/proposito\/","title":{"rendered":"Prop\u00f3sito"},"content":{"rendered":"<p>Humanit\u00e4t &#8211; Cidades como habitats humanos<\/p>\n<p>Os n\u00fameros assustam: em 1800, apenas 2% da popula\u00e7\u00e3o mundial vivia em cidades. Hoje, j\u00e1 s\u00e3o 54%. E em 2050, ser\u00e3o 66%. As cidades s\u00e3o o local preferido de viver da humanidade. As cidades s\u00e3o hoje o nosso habitat. Viver nas cidades, \u00e9 claro, tornou-se uma disputa por espa\u00e7os e recursos. Os movimentos da sociedade, do capital econ\u00f4mico e da tecnologia est\u00e3o criando um futuro completamente novo, e de forma acelerada. A degrada\u00e7\u00e3o avan\u00e7a, e a preserva\u00e7\u00e3o do Meio Ambiente ser\u00e1 tarefa crucial. Como podemos combinar um desenvolvimento mais integrado com a natureza e como podemos preservar o nosso futuro?<\/p>\n<p>As cidades, de modo geral, n\u00e3o oferecem mais os espa\u00e7os de conv\u00edvio e de encontro. E \u00e9 no espa\u00e7o p\u00fablico onde a gente encontra, e aprende a lidar com as diferen\u00e7as.<\/p>\n<p>A cada dia, vemos pequenos valores das cidades, como saberes tradicionais, pequenos com\u00e9rcios, edifica\u00e7\u00f5es simb\u00f3licas, sendo relegados a uma condi\u00e7\u00e3o de desimport\u00e2ncia. Nessas pequenas coisas reside a alma da cidade e a sensibilidade. Mas as pessoas precisam querer que o desenvolvimento siga um caminho diferente, resgatando valores como o conv\u00edvio, alma da cidade, lazer, amigos, passeios, encontros. Precisamos trazer essas vari\u00e1veis para a pauta de discuss\u00e3o. N\u00f3s precisamos perceber que isso \u00e9 importante e que a cidade contribui para a gente ser mais feliz! N\u00e3o \u00e9 surpreendente que um tema que afeta tanto a vida de tanta gente n\u00e3o seja seriamente debatido pelas pessoas?<\/p>\n<p>\u00c9 urgente pensar as cidades e o desenvolvimento de maneira diferente, criativa. No ritmo atual, com a sociedade nutrindo as mesmas demandas, a necessidade de energia duplicar\u00e1 at\u00e9 2040, com mais de vinte vezes a quantidade de aparelhos ligados \u00e0 rede el\u00e9trica at\u00e9 2020. No parque industrial, esse \u00edndice fica em pouco mais de 50%. No dia-a-dia das cidades, a situa\u00e7\u00e3o tamb\u00e9m aponta desperd\u00edcios: 20% de desperd\u00edcio no tr\u00e1fego, 20% na distribui\u00e7\u00e3o e energia e 50% na distribui\u00e7\u00e3o de \u00e1gua. Como lidar com o enorme volume de res\u00edduos s\u00f3lidos e org\u00e2nicos? A infraestrutura ter\u00e1 que ser recriada &#8211; se j\u00e1 n\u00e3o atende a demanda atual, imagine se poder\u00e1 suportar a dos pr\u00f3ximos 35 anos! Como fazer diferente, ao inv\u00e9s de apenas repetir as mesmas solu\u00e7\u00f5es que n\u00e3o s\u00e3o mais atuais? \u00c9 preciso mudar nossos rumos.<\/p>\n<p>Tudo isso \u00e9 reflexo de uma filosofia individualista e pouco solid\u00e1ria, que esquece da import\u00e2ncia do conviv\u00eancia coletiva e do envolvimento comunit\u00e1rio. O conv\u00edvio deve voltar a ser o eixo a partir do qual se define planejamento urbano, combatendo o afrouxamento dos la\u00e7os de coes\u00e3o social, o isolamento e a solid\u00e3o urbana.<\/p>\n<p>Assim, precisamos cuidar mais dos habitats. Do habitat natural de diversas esp\u00e9cies. E precisamos tamb\u00e9m cuidar do habitat desses animais que somos n\u00f3s, os humanos. Ajude-nos a tornar as cidades mais humanas, atrav\u00e9s do design.<\/p>\n<p style=\"text-align: left;\">\n<p><\/p>","protected":false},"excerpt":{"rendered":"<p>Humanit\u00e4t &#8211; Cidades como habitats humanos Os n\u00fameros assustam: em 1800, apenas 2% da popula\u00e7\u00e3o mundial vivia em cidades. Hoje, j\u00e1 s\u00e3o 54%. E em 2050, ser\u00e3o 66%. As cidades s\u00e3o o local preferido de viver da humanidade. As cidades s\u00e3o hoje o nosso habitat. Viver nas cidades, \u00e9 claro, tornou-se uma disputa por espa\u00e7os&#8230; <a class=\"more\" href=\"https:\/\/humanitat.com.br\/pb\/proposito\/\">Continue reading &rarr;<\/a><\/p>\n","protected":false},"author":1,"featured_media":0,"parent":0,"menu_order":0,"comment_status":"closed","ping_status":"closed","template":"","meta":{"footnotes":""},"class_list":["post-13","page","type-page","status-publish","hentry"],"jetpack_sharing_enabled":true,"jetpack_likes_enabled":true,"_links":{"self":[{"href":"https:\/\/humanitat.com.br\/pb\/wp-json\/wp\/v2\/pages\/13","targetHints":{"allow":["GET"]}}],"collection":[{"href":"https:\/\/humanitat.com.br\/pb\/wp-json\/wp\/v2\/pages"}],"about":[{"href":"https:\/\/humanitat.com.br\/pb\/wp-json\/wp\/v2\/types\/page"}],"author":[{"embeddable":true,"href":"https:\/\/humanitat.com.br\/pb\/wp-json\/wp\/v2\/users\/1"}],"replies":[{"embeddable":true,"href":"https:\/\/humanitat.com.br\/pb\/wp-json\/wp\/v2\/comments?post=13"}],"version-history":[{"count":12,"href":"https:\/\/humanitat.com.br\/pb\/wp-json\/wp\/v2\/pages\/13\/revisions"}],"predecessor-version":[{"id":1182,"href":"https:\/\/humanitat.com.br\/pb\/wp-json\/wp\/v2\/pages\/13\/revisions\/1182"}],"wp:attachment":[{"href":"https:\/\/humanitat.com.br\/pb\/wp-json\/wp\/v2\/media?parent=13"}],"curies":[{"name":"wp","href":"https:\/\/api.w.org\/{rel}","templated":true}]}}