{"id":2,"date":"2017-06-16T09:19:11","date_gmt":"2017-06-16T12:19:11","guid":{"rendered":"http:\/\/humanitat.com.br\/?page_id=2"},"modified":"2023-09-08T09:37:01","modified_gmt":"2023-09-08T12:37:01","slug":"o-que-fazemos","status":"publish","type":"page","link":"https:\/\/humanitat.com.br\/pb\/o-que-fazemos\/","title":{"rendered":"O que fazemos"},"content":{"rendered":"<p><b>Quem somos?<\/b><\/p>\n<p><span style=\"font-weight: 400;\">Uma organiza\u00e7\u00e3o criada para transformar positivamente a maneira como as pessoas se relacionam com as cidades em que vivem.<\/span><\/p>\n<p><span style=\"font-weight: 400;\">Para transformar atitudes, percep\u00e7\u00f5es e ambientes.<\/span><\/p>\n<p><span style=\"font-weight: 400;\">Que desenvolve projetos e a\u00e7\u00f5es efetivas para melhorar a qualidade de vida das pessoas nas cidades e promover mais integra\u00e7\u00e3o com a natureza.<\/span><\/p>\n<p><span style=\"font-weight: 400;\">Que aponta o melhor caminho, as melhores pr\u00e1ticas, para que poder p\u00fablico e iniciativa privada se unam para criar melhores condi\u00e7\u00f5es de vida.<\/span><\/p>\n<p><span style=\"font-weight: 400;\">Para que as pessoas sejam mais felizes, produtivas, cidad\u00e3s. E que possam, juntas, construir um futuro melhor.<\/span><\/p>\n<p>Clique <strong><a href=\"http:\/\/humanitat.com.br\/quem-somos\/\" target=\"_blank\" rel=\"noopener\">aqui<\/a><\/strong> para saber mais sobre n\u00f3s.<\/p>\n<p>&nbsp;<\/p>\n<p><b>O que fazemos?<\/b><\/p>\n<p><span style=\"font-weight: 400;\">Transforma\u00e7\u00e3o de percep\u00e7\u00f5es, atitudes e ambientes.<\/span><\/p>\n<p><span style=\"font-weight: 400;\">Transforma\u00e7\u00e3o de ecossistemas urbanos com as melhores pr\u00e1ticas do mundo, viabilizando projetos de arquitetura e urbanismo que realmente ajudem a melhorar a qualidade de vida das pessoas, sejam cidades, bairros, ruas, pra\u00e7as ou pr\u00e9dios.<\/span><\/p>\n<p><strong>Engajamento<\/strong><\/p>\n<p><span style=\"font-weight: 400;\">Para isso tudo acontecer, precisamos das pessoas envolvidas, emocionadas e engajadas. Criamos metodologias de engajamento comunit\u00e1rio e projetos de educa\u00e7\u00e3o para cidades sustent\u00e1veis. Produzimos conte\u00fado de qualidade atrav\u00e9s de v\u00eddeos, textos e fotos para esclarecimento, conscientiza\u00e7\u00e3o e transforma\u00e7\u00e3o de percep\u00e7\u00f5es e atitudes.<\/span><\/p>\n<p><strong>Projetos<\/strong><\/p>\n<p><span style=\"font-weight: 400;\">Identificamos os potenciais da regi\u00e3o visando qualidade de vida e desenvolvimento humano e ambiental. Metodologia para desenvolvimento de projetos urban\u00edsticos e arquitet\u00f4nicos que tenham como prop\u00f3sito a transforma\u00e7\u00e3o de cidades, bairros, ruas, para a melhoria da qualidade de vida das pessoas.<\/span><\/p>\n<p><strong>Consultoria<\/strong><\/p>\n<p><span style=\"font-weight: 400;\">Capacidade para entender os problemas e desenvolver solu\u00e7\u00f5es espec\u00edficas para cada caso. Diagn\u00f3stico, recomenda\u00e7\u00f5es e melhores pr\u00e1ticas. Acompanhamento na implementa\u00e7\u00e3o dos projetos, propondo melhorias e adequa\u00e7\u00f5es.<\/span><\/p>\n<p><strong>Alian\u00e7as estrat\u00e9gicas<\/strong><\/p>\n<p><span style=\"font-weight: 400;\">Capacidade para conectar empresas e governos para a realiza\u00e7\u00e3o de projetos em comum, para potencializar os resultados dos projetos. Mapeamento de parceiros, an\u00e1lise de potencial e constru\u00e7\u00e3o de parcerias e alian\u00e7as estrat\u00e9gicas.<\/span><\/p>\n<p>&nbsp;<\/p>\n<p><b>Ess\u00eancia<\/b><\/p>\n<p><span style=\"font-weight: 400;\">Transforma\u00e7\u00e3o de ecossistemas humanos.<\/span><\/p>\n<p><span style=\"font-weight: 400;\">Considerar a cidade como um ecossistema humano, e desenvolver solu\u00e7\u00f5es para transformar a rela\u00e7\u00e3o das pessoas com ela, gerando mais qualidade de vida e mais desenvolvimento humano e ambiental.<\/span><\/p>\n<p><strong>Princ\u00edpios<\/strong><\/p>\n<p><span style=\"font-weight: 400;\">Criatividade, Sustentabilidade, Equil\u00edbrio, Humanidade, Evolu\u00e7\u00e3o, Empatia.<\/span><\/p>\n<p><strong>Vis\u00e3o<\/strong><\/p>\n<p><span style=\"font-weight: 400;\">Ser percebida como uma organiza\u00e7\u00e3o capaz de transformar a maneira como as pessoas se relacionam com suas cidades, bairros, ruas, casas e pr\u00e9dios residenciais ou comerciais.<\/span><\/p>\n<p><strong>Prop\u00f3sito<\/strong><\/p>\n<p><span style=\"font-weight: 400;\">Transformar a qualidade de vida das pessoas e sua rela\u00e7\u00e3o com seus habitats humanos.<\/span><\/p>\n<p>&nbsp;<\/p>\n<p><strong>Entre em contato com Humanit\u00e4t:<\/strong><\/p>\n<p>E-mail: humanitatproject@gmail.com<\/p>\n<p>&nbsp;<\/p>\n<p>Clique <a href=\"https:\/\/drive.google.com\/file\/d\/0B_j0f7EupkxCMmxkcTY1cllhbEE4a25yY2N1TWZlcVJTTUZ3\/view?usp=sharing\" target=\"_blank\" rel=\"noopener\"><strong>aqui<\/strong><\/a> e conhe\u00e7a a Plataforma da Marca Humanit\u00e4t<\/p>","protected":false},"excerpt":{"rendered":"<p>Quem somos? Uma organiza\u00e7\u00e3o criada para transformar positivamente a maneira como as pessoas se relacionam com as cidades em que vivem. Para transformar atitudes, percep\u00e7\u00f5es e ambientes. Que desenvolve projetos e a\u00e7\u00f5es efetivas para melhorar a qualidade de vida das pessoas nas cidades e promover mais integra\u00e7\u00e3o com a natureza. Que aponta o melhor caminho,&#8230; <a class=\"more\" href=\"https:\/\/humanitat.com.br\/pb\/o-que-fazemos\/\">Continue reading &rarr;<\/a><\/p>\n","protected":false},"author":1,"featured_media":0,"parent":0,"menu_order":0,"comment_status":"closed","ping_status":"open","template":"","meta":{"footnotes":""},"class_list":["post-2","page","type-page","status-publish","hentry"],"jetpack_sharing_enabled":true,"jetpack_likes_enabled":true,"_links":{"self":[{"href":"https:\/\/humanitat.com.br\/pb\/wp-json\/wp\/v2\/pages\/2","targetHints":{"allow":["GET"]}}],"collection":[{"href":"https:\/\/humanitat.com.br\/pb\/wp-json\/wp\/v2\/pages"}],"about":[{"href":"https:\/\/humanitat.com.br\/pb\/wp-json\/wp\/v2\/types\/page"}],"author":[{"embeddable":true,"href":"https:\/\/humanitat.com.br\/pb\/wp-json\/wp\/v2\/users\/1"}],"replies":[{"embeddable":true,"href":"https:\/\/humanitat.com.br\/pb\/wp-json\/wp\/v2\/comments?post=2"}],"version-history":[{"count":36,"href":"https:\/\/humanitat.com.br\/pb\/wp-json\/wp\/v2\/pages\/2\/revisions"}],"predecessor-version":[{"id":1201,"href":"https:\/\/humanitat.com.br\/pb\/wp-json\/wp\/v2\/pages\/2\/revisions\/1201"}],"wp:attachment":[{"href":"https:\/\/humanitat.com.br\/pb\/wp-json\/wp\/v2\/media?parent=2"}],"curies":[{"name":"wp","href":"https:\/\/api.w.org\/{rel}","templated":true}]}}