{"id":474,"date":"2018-06-15T16:16:55","date_gmt":"2018-06-15T19:16:55","guid":{"rendered":"http:\/\/humanitat.com.br\/?page_id=474"},"modified":"2023-09-13T09:18:02","modified_gmt":"2023-09-13T12:18:02","slug":"quem-somos","status":"publish","type":"page","link":"https:\/\/humanitat.com.br\/pb\/quem-somos\/","title":{"rendered":"Quem Somos"},"content":{"rendered":"<p><b>Carolina Nunes<\/b><span style=\"font-weight: 400;\"> \u00e9 arquiteta de ecossistemas urbanos da Humanit\u00e4t. Graduou-se em Arquitetura e Urbanismo em 2005 na UFSC Universidade Federal de Santa Catarina. Em 2011 concluiu sua p\u00f3s-gradua\u00e7\u00e3o em Arquitetura Sustent\u00e1vel na FURB e em 2014 obteve seu MBA em Gerenciamento de Neg\u00f3cios Imobili\u00e1rios e da Constru\u00e7\u00e3o Civil pela FGV, com o trabalho \u201cA constru\u00e7\u00e3o do espa\u00e7o p\u00fablico humanizado atrav\u00e9s da incorpora\u00e7\u00e3o imobili\u00e1ria\u201d. Foi Pesquisadora Convidada da Universidade T\u00e9cnica de Munique, na cadeira de Planejamento Regional e Urbano, e Pesquisadora Visitante da Universidade de Delft e da Universidade de Copenhagen.<\/span><\/p>\n<p><span style=\"font-weight: 400;\">Com o patroc\u00ednio da Chancelaria Alem\u00e3 e da Funda\u00e7\u00e3o Alexander von Humboldt, Carolina se tornou German Chancellor Fellow com o projeto \u201cRios e Cidades, aspectos ambientais e espa\u00e7os p\u00fablicos: novas estrat\u00e9gias de planejamento como interconex\u00e3o entre o conhecimento administrativo e as atividades da sociedade civil nas cidades\u201d.<\/span><\/p>\n<p><span style=\"font-weight: 400;\">Com experi\u00eancia de mais de 10 anos em Arquitetura e Urbanismo, Carolina j\u00e1 desenvolveu projetos arquitet\u00f4nicos de diversos edif\u00edcios, e projetos urbanos para mobili\u00e1rio, parque e pra\u00e7a. Desde 2007, escreve artigos e cria, roteiriza e apresenta s\u00e9ries para TV e Web. A partir de 2012, envolve-se pessoalmente com a quest\u00e3o urbana e transforma\u00e7\u00e3o de percep\u00e7\u00f5es e atitudes de comunidades em rela\u00e7\u00e3o \u00e0 cidade. Em 2015 foi speaker do TEDx com o talk \u201c<a href=\"https:\/\/youtu.be\/cUoprOuVra0\" target=\"_blank\" rel=\"noopener\"><strong>Acupuntura Urbana, uma mudan\u00e7a no olhar<\/strong><\/a>\u201d e em 2017 foi speaker do TEDx com o talk \u201c<strong><a href=\"https:\/\/youtu.be\/M2DGFhA6Aqs\" target=\"_blank\" rel=\"noopener\">The fluid \u2018nature\u2019 of modernity: Just like a river<\/a><\/strong>\u201d.<\/span><\/p>\n<p>&nbsp;<\/p>\n<p><b>Walter Weingaertner<\/b><span style=\"font-weight: 400;\"> \u00e9 engenheiro mec\u00e2nico graduado pela UFSC Universidade Federal de Santa Catarina, com passagens pela renomada RWTH-Aachen e Fraunhofer Institute.<\/span><\/p>\n<p><span style=\"font-weight: 400;\">Ap\u00f3s anos trabalhando em empresas do setor, Walter resgatou suas experi\u00eancias pessoais de inf\u00e2ncia e adolesc\u00eancia na Alemanha e passou a questionar o modelo de cidade em que vivemos. Em busca de cidades com mais qualidade de vida e integra\u00e7\u00e3o com a natureza, passou a coordenar grupos de discuss\u00e3o sobre a tem\u00e1tica urbana. Reconhecido como descobridor de potencialidades da cidade, prop\u00f4s diversos parques, roteiros e caminhos de mobilidade n\u00e3o-motorizada e lazer, al\u00e9m de valorizar patrim\u00f4nios naturais, edificados e culturais. Com seu olhar apurado, Walter coloca as riquezas da cidade em foco, atrav\u00e9s de fotografias e v\u00eddeos.<\/span><\/p>","protected":false},"excerpt":{"rendered":"<p>Carolina Nunes \u00e9 arquiteta de ecossistemas urbanos da Humanit\u00e4t. Graduou-se em Arquitetura e Urbanismo em 2005 na UFSC Universidade Federal de Santa Catarina. Em 2011 concluiu sua p\u00f3s-gradua\u00e7\u00e3o em Arquitetura Sustent\u00e1vel na FURB e em 2014 obteve seu MBA em Gerenciamento de Neg\u00f3cios Imobili\u00e1rios e da Constru\u00e7\u00e3o Civil pela FGV, com o trabalho \u201cA constru\u00e7\u00e3o&#8230; <a class=\"more\" href=\"https:\/\/humanitat.com.br\/pb\/quem-somos\/\">Continue reading &rarr;<\/a><\/p>\n","protected":false},"author":2,"featured_media":0,"parent":0,"menu_order":0,"comment_status":"closed","ping_status":"closed","template":"","meta":{"footnotes":""},"class_list":["post-474","page","type-page","status-publish","hentry"],"jetpack_sharing_enabled":true,"jetpack_likes_enabled":true,"_links":{"self":[{"href":"https:\/\/humanitat.com.br\/pb\/wp-json\/wp\/v2\/pages\/474","targetHints":{"allow":["GET"]}}],"collection":[{"href":"https:\/\/humanitat.com.br\/pb\/wp-json\/wp\/v2\/pages"}],"about":[{"href":"https:\/\/humanitat.com.br\/pb\/wp-json\/wp\/v2\/types\/page"}],"author":[{"embeddable":true,"href":"https:\/\/humanitat.com.br\/pb\/wp-json\/wp\/v2\/users\/2"}],"replies":[{"embeddable":true,"href":"https:\/\/humanitat.com.br\/pb\/wp-json\/wp\/v2\/comments?post=474"}],"version-history":[{"count":8,"href":"https:\/\/humanitat.com.br\/pb\/wp-json\/wp\/v2\/pages\/474\/revisions"}],"predecessor-version":[{"id":1204,"href":"https:\/\/humanitat.com.br\/pb\/wp-json\/wp\/v2\/pages\/474\/revisions\/1204"}],"wp:attachment":[{"href":"https:\/\/humanitat.com.br\/pb\/wp-json\/wp\/v2\/media?parent=474"}],"curies":[{"name":"wp","href":"https:\/\/api.w.org\/{rel}","templated":true}]}}